{"id":236,"date":"2024-12-21T16:36:18","date_gmt":"2024-12-21T19:36:18","guid":{"rendered":"https:\/\/edsonaraujo.com.br\/?page_id=236"},"modified":"2025-01-02T11:10:37","modified_gmt":"2025-01-02T14:10:37","slug":"form-consultoria-branding","status":"publish","type":"page","link":"https:\/\/edsonaraujo.com.br\/en\/form-consultoria-branding\/","title":{"rendered":"Formul\u00e1rio de Inten\u00e7\u00e3o para Consultoria de Branding"},"content":{"rendered":"<style type=\"text\/css\" data-created_by=\"avia_inline_auto\" id=\"style-css-av-m4yky1hj-609ba85c2a3c7e930bdbb604ab22168c\">\n.avia-section.av-m4yky1hj-609ba85c2a3c7e930bdbb604ab22168c{\nbackground-repeat:no-repeat;\nbackground-image:url(https:\/\/edsonaraujo.com.br\/wp-content\/uploads\/2024\/10\/slider-1920x1080-posocionamento-001.png);\nbackground-position:0% 100%;\nbackground-attachment:fixed;\n}\n.avia-section.av-m4yky1hj-609ba85c2a3c7e930bdbb604ab22168c .av-section-color-overlay{\nopacity:0.8;\nbackground-color:#020202;\n}\n<\/style>\n<div id='av_section_1'  class='avia-section av-m4yky1hj-609ba85c2a3c7e930bdbb604ab22168c main_color avia-section-default avia-no-border-styling  avia-builder-el-0  el_before_av_section  avia-builder-el-first  avia-bg-style-fixed av-section-color-overlay-active container_wrap sidebar_right'  data-section-bg-repeat='no-repeat'><div class=\"av-section-color-overlay-wrap\"><div class=\"av-section-color-overlay\"><\/div><div class='container av-section-cont-open' ><main  role=\"main\" itemprop=\"mainContentOfPage\"  class='template-page content  av-content-small alpha units'><div class='post-entry post-entry-type-page post-entry-236'><div class='entry-content-wrapper clearfix'>\n\n<style type=\"text\/css\" data-created_by=\"avia_inline_auto\" id=\"style-css-av-1s5m0k-bd5290ef8eefb67cfc5dc8384d9fc9df\">\n#top .hr.hr-invisible.av-1s5m0k-bd5290ef8eefb67cfc5dc8384d9fc9df{\nheight:80px;\n}\n<\/style>\n<div  class='hr av-1s5m0k-bd5290ef8eefb67cfc5dc8384d9fc9df hr-invisible  avia-builder-el-1  el_before_av_heading  avia-builder-el-first'><span class='hr-inner'><span class=\"hr-inner-style\"><\/span><\/span><\/div>\n\n<style type=\"text\/css\" data-created_by=\"avia_inline_auto\" id=\"style-css-av-m4ykd68e-61d5d9cf121ed75c2ccf4949d014b928\">\n#top .av-special-heading.av-m4ykd68e-61d5d9cf121ed75c2ccf4949d014b928{\npadding-bottom:10px;\ncolor:#b78d46;\nfont-size:54px;\n}\nbody .av-special-heading.av-m4ykd68e-61d5d9cf121ed75c2ccf4949d014b928 .av-special-heading-tag .heading-char{\nfont-size:25px;\n}\n#top #wrap_all .av-special-heading.av-m4ykd68e-61d5d9cf121ed75c2ccf4949d014b928 .av-special-heading-tag{\nfont-size:54px;\n}\n.av-special-heading.av-m4ykd68e-61d5d9cf121ed75c2ccf4949d014b928 .special-heading-inner-border{\nborder-color:#b78d46;\n}\n.av-special-heading.av-m4ykd68e-61d5d9cf121ed75c2ccf4949d014b928 .av-subheading{\nfont-size:15px;\n}\n\n@media only screen and (min-width: 480px) and (max-width: 767px){ \n#top #wrap_all .av-special-heading.av-m4ykd68e-61d5d9cf121ed75c2ccf4949d014b928 .av-special-heading-tag{\nfont-size:0.8em;\n}\n}\n\n@media only screen and (max-width: 479px){ \n#top #wrap_all .av-special-heading.av-m4ykd68e-61d5d9cf121ed75c2ccf4949d014b928 .av-special-heading-tag{\nfont-size:0.8em;\n}\n}\n<\/style>\n<div  class='av-special-heading av-m4ykd68e-61d5d9cf121ed75c2ccf4949d014b928 av-special-heading-h3 custom-color-heading blockquote modern-quote  avia-builder-el-2  el_after_av_hr  avia-builder-el-last  av-inherit-size'><h3 class='av-special-heading-tag'  itemprop=\"headline\"  >Formul\u00e1rio de Inten\u00e7\u00e3o para Consultoria de Branding<\/h3><div class=\"special-heading-border\"><div class=\"special-heading-inner-border\"><\/div><\/div><\/div>\n\n<\/div><\/div><\/main><!-- close content main element --><\/div><\/div><\/div><div id='av_section_2'  class='avia-section av-1kmyyk-bd0efd477e03cc17f732d9abc34f0faf main_color avia-section-default avia-no-border-styling  avia-builder-el-3  el_after_av_section  avia-builder-el-last  avia-bg-style-scroll container_wrap sidebar_right'  ><div class='container av-section-cont-open' ><div class='template-page content  av-content-small alpha units'><div class='post-entry post-entry-type-page post-entry-236'><div class='entry-content-wrapper clearfix'>\n\n<style type=\"text\/css\" data-created_by=\"avia_inline_auto\" id=\"style-css-av-1few4k-292d9d9f6211852da049d99b86250903\">\n#top .hr.hr-invisible.av-1few4k-292d9d9f6211852da049d99b86250903{\nheight:40px;\n}\n<\/style>\n<div  class='hr av-1few4k-292d9d9f6211852da049d99b86250903 hr-invisible  avia-builder-el-4  el_before_av_two_fifth  avia-builder-el-first'><span class='hr-inner'><span class=\"hr-inner-style\"><\/span><\/span><\/div>\n<div  class='flex_column av-182g2c-712d68d1150568d73d81a1dd8d970162 av_two_fifth  avia-builder-el-5  el_after_av_hr  el_before_av_three_fifth  first flex_column_div'     ><p>\n<style type=\"text\/css\" data-created_by=\"avia_inline_auto\" id=\"style-css-av-m4ykdun6-9777d2bda520fc6b3290866ea47a6d68\">\n.avia-image-container.av-m4ykdun6-9777d2bda520fc6b3290866ea47a6d68 img.avia_image{\nbox-shadow:none;\n}\n.avia-image-container.av-m4ykdun6-9777d2bda520fc6b3290866ea47a6d68 .av-image-caption-overlay-center{\ncolor:#ffffff;\n}\n<\/style>\n<div  class='avia-image-container av-m4ykdun6-9777d2bda520fc6b3290866ea47a6d68 av-styling- avia-align-center  avia-builder-el-6  el_before_av_image  avia-builder-el-first'   itemprop=\"image\" itemscope=\"itemscope\" itemtype=\"https:\/\/schema.org\/ImageObject\" ><div class=\"avia-image-container-inner\"><div class=\"avia-image-overlay-wrap\"><img decoding=\"async\" fetchpriority=\"high\" class='wp-image-52 avia-img-lazy-loading-not-52 avia_image' src=\"https:\/\/edsonaraujo.com.br\/wp-content\/uploads\/2024\/10\/1080x1350_lider-001-824x1030.png\" alt='Edson Araujo | Especialista em Branding e Posicionamento' title='Edson Araujo | Branding and Positioning Specialist'  height=\"1030\" width=\"824\"  itemprop=\"thumbnailUrl\" srcset=\"https:\/\/edsonaraujo.com.br\/wp-content\/uploads\/2024\/10\/1080x1350_lider-001-824x1030.png 824w, https:\/\/edsonaraujo.com.br\/wp-content\/uploads\/2024\/10\/1080x1350_lider-001-240x300.png 240w, https:\/\/edsonaraujo.com.br\/wp-content\/uploads\/2024\/10\/1080x1350_lider-001-768x960.png 768w, https:\/\/edsonaraujo.com.br\/wp-content\/uploads\/2024\/10\/1080x1350_lider-001-564x705.png 564w, https:\/\/edsonaraujo.com.br\/wp-content\/uploads\/2024\/10\/1080x1350_lider-001.png 1080w\" sizes=\"(max-width: 824px) 100vw, 824px\" \/><\/div><\/div><\/div><br \/>\n\n<style type=\"text\/css\" data-created_by=\"avia_inline_auto\" id=\"style-css-av-m4yl3k2v-b36a0cb5bce0eff1a3f3d4b612cf2c3e\">\n.avia-image-container.av-m4yl3k2v-b36a0cb5bce0eff1a3f3d4b612cf2c3e img.avia_image{\nbox-shadow:none;\n}\n.avia-image-container.av-m4yl3k2v-b36a0cb5bce0eff1a3f3d4b612cf2c3e .av-image-caption-overlay-center{\ncolor:#ffffff;\n}\n<\/style>\n<div  class='avia-image-container av-m4yl3k2v-b36a0cb5bce0eff1a3f3d4b612cf2c3e av-styling- avia-align-center  avia-builder-el-7  el_after_av_image  avia-builder-el-last'   itemprop=\"image\" itemscope=\"itemscope\" itemtype=\"https:\/\/schema.org\/ImageObject\" ><div class=\"avia-image-container-inner\"><div class=\"avia-image-overlay-wrap\"><img decoding=\"async\" fetchpriority=\"high\" class='wp-image-205 avia-img-lazy-loading-not-205 avia_image' src=\"https:\/\/edsonaraujo.com.br\/wp-content\/uploads\/2024\/12\/Edson-Araujo-Logo_color-1030x579.png\" alt='' title='Edson Araujo Logo_color'  height=\"579\" width=\"1030\"  itemprop=\"thumbnailUrl\" srcset=\"https:\/\/edsonaraujo.com.br\/wp-content\/uploads\/2024\/12\/Edson-Araujo-Logo_color-1030x579.png 1030w, https:\/\/edsonaraujo.com.br\/wp-content\/uploads\/2024\/12\/Edson-Araujo-Logo_color-300x169.png 300w, https:\/\/edsonaraujo.com.br\/wp-content\/uploads\/2024\/12\/Edson-Araujo-Logo_color-768x432.png 768w, https:\/\/edsonaraujo.com.br\/wp-content\/uploads\/2024\/12\/Edson-Araujo-Logo_color-1536x864.png 1536w, https:\/\/edsonaraujo.com.br\/wp-content\/uploads\/2024\/12\/Edson-Araujo-Logo_color-1500x844.png 1500w, https:\/\/edsonaraujo.com.br\/wp-content\/uploads\/2024\/12\/Edson-Araujo-Logo_color-705x397.png 705w, https:\/\/edsonaraujo.com.br\/wp-content\/uploads\/2024\/12\/Edson-Araujo-Logo_color.png 1920w\" sizes=\"(max-width: 1030px) 100vw, 1030px\" \/><\/div><\/div><\/div><\/p><\/div><div  class='flex_column av-120zd0-1c659e2a5fb7476b45d4284656665a60 av_three_fifth  avia-builder-el-8  el_after_av_two_fifth  el_before_av_hr  flex_column_div'     ><p>\n<style type=\"text\/css\" data-created_by=\"avia_inline_auto\" id=\"style-css-av-yip2c-c129354118f01b35d716b244137cb818\">\n#top .av-special-heading.av-yip2c-c129354118f01b35d716b244137cb818{\npadding-bottom:10px;\ncolor:#4f4f4f;\nfont-size:40px;\n}\nbody .av-special-heading.av-yip2c-c129354118f01b35d716b244137cb818 .av-special-heading-tag .heading-char{\nfont-size:25px;\n}\n#top #wrap_all .av-special-heading.av-yip2c-c129354118f01b35d716b244137cb818 .av-special-heading-tag{\nfont-size:40px;\n}\n.av-special-heading.av-yip2c-c129354118f01b35d716b244137cb818 .special-heading-inner-border{\nborder-color:#4f4f4f;\n}\n.av-special-heading.av-yip2c-c129354118f01b35d716b244137cb818 .av-subheading{\nfont-size:20px;\n}\nbody .av-special-heading.av-yip2c-c129354118f01b35d716b244137cb818 .av-special-heading-tag .heading-wrap:before{\nborder-color:#4f4f4f;\n}\nbody .av-special-heading.av-yip2c-c129354118f01b35d716b244137cb818 .av-special-heading-tag .heading-wrap:after{\nborder-color:#4f4f4f;\n}\n\n@media only screen and (min-width: 480px) and (max-width: 767px){ \n#top #wrap_all .av-special-heading.av-yip2c-c129354118f01b35d716b244137cb818 .av-special-heading-tag{\nfont-size:0.8em;\n}\n}\n\n@media only screen and (max-width: 479px){ \n#top #wrap_all .av-special-heading.av-yip2c-c129354118f01b35d716b244137cb818 .av-special-heading-tag{\nfont-size:0.8em;\n}\n}\n<\/style>\n<div  class='av-special-heading av-yip2c-c129354118f01b35d716b244137cb818 av-special-heading-h3 custom-color-heading blockquote modern-quote  avia-builder-el-9  el_before_av_hr  avia-builder-el-first  av-inherit-size'><h3 class='av-special-heading-tag'  itemprop=\"headline\"  >Ready to Transform Your Brand?<\/h3><div class=\"special-heading-border\"><div class=\"special-heading-inner-border\"><\/div><\/div><\/div><br \/>\n\n<style type=\"text\/css\" data-created_by=\"avia_inline_auto\" id=\"style-css-av-qihak-e4bbd6ba2a123b7bd7eb16c3a640a9e7\">\n#top .hr.hr-invisible.av-qihak-e4bbd6ba2a123b7bd7eb16c3a640a9e7{\nheight:10px;\n}\n<\/style>\n<div  class='hr av-qihak-e4bbd6ba2a123b7bd7eb16c3a640a9e7 hr-invisible  avia-builder-el-10  el_after_av_heading  el_before_av_textblock'><span class='hr-inner'><span class=\"hr-inner-style\"><\/span><\/span><\/div><br \/>\n\n<style type=\"text\/css\" data-created_by=\"avia_inline_auto\" id=\"style-css-av-m4ykgglc-a0da0240bce779a1ce211b5d09d074c4\">\n#top .av_textblock_section.av-m4ykgglc-a0da0240bce779a1ce211b5d09d074c4 .avia_textblock{\nfont-size:15px;\n}\n<\/style>\n<section  class='av_textblock_section av-m4ykgglc-a0da0240bce779a1ce211b5d09d074c4'   itemscope=\"itemscope\" itemtype=\"https:\/\/schema.org\/CreativeWork\" ><div class='avia_textblock'  itemprop=\"text\" ><p data-pm-slice=\"1 1 &#091;&#093;\">Bem-vindo ao nosso formul\u00e1rio de inten\u00e7\u00e3o para <strong>consultoria de branding<\/strong>! Este documento foi criado para entender melhor as necessidades e objetivos da sua empresa, garantindo que possamos oferecer solu\u00e7\u00f5es personalizadas para o fortalecimento da sua marca.<\/p>\n<p data-pm-slice=\"1 1 &#091;&#093;\">Pe\u00e7o a voc\u00ea que preencha as informa\u00e7\u00f5es abaixo com o m\u00e1ximo de detalhes poss\u00edvel, pois isso ser\u00e1 fundamental para o sucesso da consultoria.<\/p>\n<\/div><\/section><br \/>\n<form action=\"https:\/\/edsonaraujo.com.br\/en\/form-consultoria-branding\/\" method=\"post\" data-fields-with-error=\"Found errors in the following field(s):\" class=\"avia_ajax_form av-form-labels-hidden   avia-builder-el-12  el_after_av_textblock  el_before_av_iconlist  av-custom-form-color av-dark-form\" data-avia-form-id=\"1\" data-avia-redirect='' data-trp-original-action=\"https:\/\/edsonaraujo.com.br\/en\/form-consultoria-branding\/\" ><fieldset><p class='first_form  form_element form_fullwidth' id='element_avia_1_1'><label for=\"avia_1_1\">Seu Nome Completo <abbr class=\"required\" title=\"required\">*<\/abbr><\/label> <input name=\"avia_1_1\" class=\"text_input is_empty\" type=\"text\" id=\"avia_1_1\" value=\"\"  placeholder='Seu Nome Completo*'\/><\/p><p class='first_form  form_element form_element_half' id='element_avia_2_1'><label for=\"avia_2_1\">Your E-Mail <abbr class=\"required\" title=\"required\">*<\/abbr><\/label> <input name=\"avia_2_1\" class=\"text_input is_email\" type=\"text\" id=\"avia_2_1\" value=\"\"  placeholder='Your E-Mail*'\/><\/p><p class='form_element form_element_half' id='element_avia_3_1'><label for=\"avia_3_1\">Your phone number <abbr class=\"required\" title=\"required\">*<\/abbr><\/label> <input name=\"avia_3_1\" class=\"text_input is_phone\" type=\"text\" id=\"avia_3_1\" value=\"\"  placeholder='Your Phone*'\/><\/p><p class='first_form  form_element form_element_half' id='element_avia_4_1'><label for=\"avia_4_1\">Nome da Empresa <abbr class=\"required\" title=\"required\">*<\/abbr><\/label> <input name=\"avia_4_1\" class=\"text_input is_empty\" type=\"text\" id=\"avia_4_1\" value=\"\"  placeholder='Nome da Empresa*'\/><\/p><p class='form_element form_element_half' id='element_avia_5_1'><label for=\"avia_5_1\">CNPJ <abbr class=\"required\" title=\"required\">*<\/abbr><\/label> <input name=\"avia_5_1\" class=\"text_input is_empty\" type=\"text\" id=\"avia_5_1\" value=\"\"  placeholder='CNPJ*'\/><\/p><p class='first_form  form_element form_fullwidth' id='element_avia_6_1'><label for=\"avia_6_1\">Qual o ramo de atua\u00e7\u00e3o? <abbr class=\"required\" title=\"required\">*<\/abbr><\/label> <input name=\"avia_6_1\" class=\"text_input is_empty\" type=\"text\" id=\"avia_6_1\" value=\"\"  placeholder='Qual o ramo de atua\u00e7\u00e3o?*'\/><\/p><p class='first_form  form_element form_fullwidth' id='element_avia_7_1'><label for=\"avia_7_1\">Endere\u00e7o <abbr class=\"required\" title=\"required\">*<\/abbr><\/label> <input name=\"avia_7_1\" class=\"text_input is_empty\" type=\"text\" id=\"avia_7_1\" value=\"\"  placeholder='Endere\u00e7o*'\/><\/p><p class='first_form  form_element form_fullwidth' id='element_avia_8_1'><label for=\"avia_8_1\">O neg\u00f3cio opera com <abbr class=\"required\" title=\"required\">*<\/abbr><\/label><select  name=\"avia_8_1\" class=\"select is_empty\" id=\"avia_8_1\"><option class=\"av-placeholder\" disabled=\"disabled\" selected=\"selected\" value=''>O neg\u00f3cio opera com*<\/option><option   value='Produtos'>Produtos<\/option><option   value='Servi\u00e7os'>Servi\u00e7os<\/option><option   value='Produtos &amp; Servi\u00e7os'>Produtos &amp; Servi\u00e7os<\/option><\/select><\/p><p class='first_form  form_element form_fullwidth' id='element_avia_9_1'><label for=\"avia_9_1\">Qual a dimens\u00e3o do neg\u00f3cio <abbr class=\"required\" title=\"required\">*<\/abbr><\/label><select  name=\"avia_9_1\" class=\"select is_empty\" id=\"avia_9_1\"><option class=\"av-placeholder\" disabled=\"disabled\" selected=\"selected\" value=''>Qual a dimens\u00e3o do neg\u00f3cio*<\/option><option   value='Local'>Local<\/option><option   value='Regional'>Regional<\/option><option   value='Nacional'>Nacional<\/option><option   value='Internacional'>Internacional<\/option><\/select><\/p><p class='first_form  form_element form_fullwidth' id='element_avia_10_1'><label for=\"avia_10_1\">Caso opere com produtos, qual o seu produto principal?<\/label> <input name=\"avia_10_1\" class=\"text_input\" type=\"text\" id=\"avia_10_1\" value=\"\"  placeholder='Caso opere com produtos, qual o seu produto principal?'\/><\/p><p class='first_form  form_element form_fullwidth' id='element_avia_11_1'><label for=\"avia_11_1\">Caso opere com servi\u00e7os, qual o seu servi\u00e7o principal?<\/label> <input name=\"avia_11_1\" class=\"text_input\" type=\"text\" id=\"avia_11_1\" value=\"\"  placeholder='Caso opere com servi\u00e7os, qual o seu servi\u00e7o principal?'\/><\/p><p class='first_form  form_element form_fullwidth' id='element_avia_12_1'><label for=\"avia_12_1\">Qual o publico-alvo? <abbr class=\"required\" title=\"required\">*<\/abbr><\/label> <input name=\"avia_12_1\" class=\"text_input is_empty\" type=\"text\" id=\"avia_12_1\" value=\"\"  placeholder='Qual o publico-alvo?*'\/><\/p><p class='first_form  form_element form_fullwidth' id='element_avia_13_1'><label for=\"avia_13_1\">A empresa j\u00e1 possui logo, cores, simbolo, tipografia, etc)? <abbr class=\"required\" title=\"required\">*<\/abbr><\/label><select  name=\"avia_13_1\" class=\"select is_empty\" id=\"avia_13_1\"><option class=\"av-placeholder\" disabled=\"disabled\" selected=\"selected\" value=''>A empresa j\u00e1 possui logo, cores, simbolo, tipografia, etc)?*<\/option><option   value='Sim'>Sim<\/option><option   value='N\u00e3o'>N\u00e3o<\/option><\/select><\/p><p class='first_form  form_element form_fullwidth' id='element_avia_14_1'><label for=\"avia_14_1\">Quais problemas a sua empresa resolve? <abbr class=\"required\" title=\"required\">*<\/abbr><\/label> <input name=\"avia_14_1\" class=\"text_input is_empty\" type=\"text\" id=\"avia_14_1\" value=\"\"  placeholder='Quais problemas a sua empresa resolve?*'\/><\/p><p class='first_form  form_element form_fullwidth' id='element_avia_15_1'><label for=\"avia_15_1\">Quais s\u00e3o as causas, o prop\u00f3sito, a miss\u00e3o, a vis\u00e3o e os valores da marca?  <abbr class=\"required\" title=\"required\">*<\/abbr><\/label> <input name=\"avia_15_1\" class=\"text_input is_empty\" type=\"text\" id=\"avia_15_1\" value=\"\"  placeholder='Quais s\u00e3o as causas, o prop\u00f3sito, a miss\u00e3o, a vis\u00e3o e os valores da marca? *'\/><\/p><p class='first_form  form_element form_fullwidth' id='element_avia_16_1'><label for=\"avia_16_1\">Quem s\u00e3o os \"inimigos comuns\" (problemas ou obje\u00e7\u00f5es do mercado)?  <abbr class=\"required\" title=\"required\">*<\/abbr><\/label> <input name=\"avia_16_1\" class=\"text_input is_empty\" type=\"text\" id=\"avia_16_1\" value=\"\"  placeholder='Quem s\u00e3o os \"inimigos comuns\" (problemas ou obje\u00e7\u00f5es do mercado)? *'\/><\/p><p class='first_form  form_element form_fullwidth' id='element_avia_17_1'><label for=\"avia_17_1\">Quantos funcion\u00e1rios sua empresa possui? <abbr class=\"required\" title=\"required\">*<\/abbr><\/label> <input name=\"avia_17_1\" class=\"text_input is_empty\" type=\"text\" id=\"avia_17_1\" value=\"\"  placeholder='Quantos funcion\u00e1rios sua empresa possui?*'\/><\/p><p class='first_form  form_element form_fullwidth' id='element_avia_18_1'><label for=\"avia_18_1\">Site da empresa <abbr class=\"required\" title=\"required\">*<\/abbr><\/label> <input name=\"avia_18_1\" class=\"text_input is_empty\" type=\"text\" id=\"avia_18_1\" value=\"\"  placeholder='Site da empresa*'\/><\/p><p class='first_form  form_element form_element_half' id='element_avia_19_1'><label for=\"avia_19_1\">Instagram da empresa<\/label> <input name=\"avia_19_1\" class=\"text_input\" type=\"text\" id=\"avia_19_1\" value=\"\"  placeholder='Instagram da empresa'\/><\/p><p class='form_element form_element_half' id='element_avia_20_1'><label for=\"avia_20_1\">Linkedin da empresa<\/label> <input name=\"avia_20_1\" class=\"text_input\" type=\"text\" id=\"avia_20_1\" value=\"\"  placeholder='Linkedin da empresa'\/><\/p><p class=\"hidden\"><input type=\"text\" name=\"avia_21_1\" class=\"hidden\" id=\"avia_21_1\" value=\"\" \/><\/p><p class='form_element form_fullwidth' id='element_avia_22_1'><span class='value_verifier_label'>2 + 0 = ?<\/span><input name=\"avia_22_1_verifier\" type=\"hidden\" id=\"avia_22_1_verifier\" value=\"334423384\"\/><label for=\"avia_22_1\">Please prove that you are human by solving the equation <abbr class=\"required\" title=\"required\">*<\/abbr><\/label><input name=\"avia_22_1\" class=\"text_input captcha\" type=\"text\" id=\"avia_22_1\" value=\"\"\/><\/p><p class=\"form_element\"><input type=\"hidden\" value=\"1\" name=\"avia_generated_form1\" \/><input type=\"submit\" value=\"Quero a Consultoria de Branding\" class=\"button\"  data-sending-label=\"Sending\"\/><\/p><\/fieldset><input type=\"hidden\" name=\"trp-form-language\" value=\"en\"\/><\/form><div id=\"ajaxresponse_1\" class=\"ajaxresponse ajaxresponse_1 hidden\"><\/div><br \/>\n\n<style type=\"text\/css\" data-created_by=\"avia_inline_auto\" id=\"style-css-av-m4ykxg6g-a9a791c96e10f2f43e01f918a0e06817\">\n#top .avia-icon-list-container.av-m4ykxg6g-a9a791c96e10f2f43e01f918a0e06817 .iconlist_icon{\ncolor:#b78d46;\nfont-size:15px;\n}\n#top #wrap_all .avia-icon-list-container.av-m4ykxg6g-a9a791c96e10f2f43e01f918a0e06817 .av_iconlist_title{\nfont-size:15px;\ncolor:#b78d46;\n}\n.avia-icon-list-container.av-m4ykxg6g-a9a791c96e10f2f43e01f918a0e06817 .iconlist_content{\nfont-size:17px;\n}\n<\/style>\n<div  class='avia-icon-list-container av-m4ykxg6g-a9a791c96e10f2f43e01f918a0e06817  avia-builder-el-13  el_after_av_contact  avia-builder-el-last'><ul class='avia-icon-list avia_animate_when_almost_visible avia-icon-list-left av-iconlist-small av-m4ykxg6g-a9a791c96e10f2f43e01f918a0e06817 avia-iconlist-animate'>\n<li><div class='iconlist_icon av-lm6uc-cff2ddfe60e0d47183a1d8d0de3cdd55 avia-font-entypo-fontello'><span class='iconlist-char' aria-hidden='true' data-av_icon='\uf232' data-av_iconfont='entypo-fontello'><\/span><\/div><article class=\"article-icon-entry\"  itemscope=\"itemscope\" itemtype=\"https:\/\/schema.org\/CreativeWork\" ><div class=\"iconlist_content_wrap\"><header class=\"entry-content-header\"><div class='av_iconlist_title iconlist_title_small  av_inherit_color'  itemprop=\"headline\" >Contact me by WhatsApp<\/div><\/header><div class='iconlist_content'  itemprop=\"text\" ><p>+ (407) 308-4965<\/p>\n<\/div><\/div><footer class=\"entry-footer\"><\/footer><\/article><div class=\"iconlist-timeline\"><\/div><\/li>\n<li><div class='iconlist_icon av-dxxmk-c5456e38cec229dc960af3078bc5100a avia-font-entypo-fontello'><span class='iconlist-char' aria-hidden='true' data-av_icon='\uf16d' data-av_iconfont='entypo-fontello'><\/span><\/div><article class=\"article-icon-entry\"  itemscope=\"itemscope\" itemtype=\"https:\/\/schema.org\/CreativeWork\" ><div class=\"iconlist_content_wrap\"><header class=\"entry-content-header\"><div class='av_iconlist_title iconlist_title_small  av_inherit_color'  itemprop=\"headline\" >Follow me on Instagram<\/div><\/header><div class='iconlist_content'  itemprop=\"text\" ><p>@edsonaraujo<\/p>\n<\/div><\/div><footer class=\"entry-footer\"><\/footer><\/article><div class=\"iconlist-timeline\"><\/div><\/li>\n<\/ul><\/div><\/p><\/div>\n<style type=\"text\/css\" data-created_by=\"avia_inline_auto\" id=\"style-css-av-a9oto-b5ea7ff832d027825d79ec28fe33a04f\">\n#top .hr.hr-invisible.av-a9oto-b5ea7ff832d027825d79ec28fe33a04f{\nheight:40px;\n}\n<\/style>\n<div  class='hr av-a9oto-b5ea7ff832d027825d79ec28fe33a04f hr-invisible  avia-builder-el-14  el_after_av_three_fifth  avia-builder-el-last'><span class='hr-inner'><span class=\"hr-inner-style\"><\/span><\/span><\/div>\n<\/div><\/div><\/div><!-- close content main div --><\/div><\/div><div id='after_section_2'  class='main_color av_default_container_wrap container_wrap sidebar_right'  ><div class='container av-section-cont-open' ><div class='template-page content  av-content-small alpha units'><div class='post-entry post-entry-type-page post-entry-236'><div class='entry-content-wrapper clearfix'>","protected":false},"excerpt":{"rendered":"","protected":false},"author":1,"featured_media":0,"parent":0,"menu_order":0,"comment_status":"closed","ping_status":"closed","template":"","meta":{"footnotes":""},"class_list":["post-236","page","type-page","status-publish","hentry"],"_links":{"self":[{"href":"https:\/\/edsonaraujo.com.br\/en\/wp-json\/wp\/v2\/pages\/236","targetHints":{"allow":["GET"]}}],"collection":[{"href":"https:\/\/edsonaraujo.com.br\/en\/wp-json\/wp\/v2\/pages"}],"about":[{"href":"https:\/\/edsonaraujo.com.br\/en\/wp-json\/wp\/v2\/types\/page"}],"author":[{"embeddable":true,"href":"https:\/\/edsonaraujo.com.br\/en\/wp-json\/wp\/v2\/users\/1"}],"replies":[{"embeddable":true,"href":"https:\/\/edsonaraujo.com.br\/en\/wp-json\/wp\/v2\/comments?post=236"}],"version-history":[{"count":8,"href":"https:\/\/edsonaraujo.com.br\/en\/wp-json\/wp\/v2\/pages\/236\/revisions"}],"predecessor-version":[{"id":250,"href":"https:\/\/edsonaraujo.com.br\/en\/wp-json\/wp\/v2\/pages\/236\/revisions\/250"}],"wp:attachment":[{"href":"https:\/\/edsonaraujo.com.br\/en\/wp-json\/wp\/v2\/media?parent=236"}],"curies":[{"name":"wp","href":"https:\/\/api.w.org\/{rel}","templated":true}]}}