{"id":208,"date":"2024-12-13T23:13:14","date_gmt":"2024-12-14T02:13:14","guid":{"rendered":"https:\/\/edsonaraujo.com.br\/?page_id=208"},"modified":"2025-01-15T17:05:47","modified_gmt":"2025-01-15T20:05:47","slug":"sala-secreta","status":"publish","type":"page","link":"https:\/\/edsonaraujo.com.br\/en\/sala-secreta\/","title":{"rendered":"Sala Secreta"},"content":{"rendered":"<style type=\"text\/css\" data-created_by=\"avia_inline_auto\" id=\"style-css-av-m4njk9lh-3be90711e5151fb519f614a9cefc6b15\">\n.avia-section.av-m4njk9lh-3be90711e5151fb519f614a9cefc6b15 .av-parallax .av-parallax-inner{\nbackground-repeat:no-repeat;\nbackground-image:url(https:\/\/edsonaraujo.com.br\/wp-content\/uploads\/2024\/12\/sala-secreta-posicionamento-scaled.jpg);\nbackground-position:50% 100%;\nbackground-attachment:scroll;\n}\n.avia-section.av-m4njk9lh-3be90711e5151fb519f614a9cefc6b15 .av-section-color-overlay{\nopacity:0.8;\nbackground-color:#020202;\n}\n<\/style>\n<div id='av_section_1'  class='avia-section av-m4njk9lh-3be90711e5151fb519f614a9cefc6b15 main_color avia-section-default avia-no-border-styling  avia-builder-el-0  el_before_av_section  avia-builder-el-first  av-parallax-section avia-bg-style-parallax av-section-color-overlay-active container_wrap sidebar_right'  data-section-bg-repeat='no-repeat'><div class='av-parallax' data-avia-parallax-ratio='0.3' ><div class='av-parallax-inner main_color avia-full-stretch'><\/div><\/div><div class=\"av-section-color-overlay-wrap\"><div class=\"av-section-color-overlay\"><\/div><div class='container av-section-cont-open' ><main  role=\"main\" itemprop=\"mainContentOfPage\"  class='template-page content  av-content-small alpha units'><div class='post-entry post-entry-type-page post-entry-208'><div class='entry-content-wrapper clearfix'>\n\n<style type=\"text\/css\" data-created_by=\"avia_inline_auto\" id=\"style-css-av-7oap6g-3e54c9242492f7199c20d7cc24514407\">\n#top .hr.hr-invisible.av-7oap6g-3e54c9242492f7199c20d7cc24514407{\nheight:90px;\n}\n<\/style>\n<div  class='hr av-7oap6g-3e54c9242492f7199c20d7cc24514407 hr-invisible  avia-builder-el-1  el_before_av_one_half  avia-builder-el-first'><span class='hr-inner'><span class=\"hr-inner-style\"><\/span><\/span><\/div>\n<div  class='flex_column av-hoyps-a5eddf8d1e9e1c752785261a58435d87 av_one_half  avia-builder-el-2  el_after_av_hr  el_before_av_one_half  first flex_column_div'     ><style type=\"text\/css\" data-created_by=\"avia_inline_auto\" id=\"style-css-av-m4njlyd5-d7a41d615f03be3ba4f466f19077ceca\">\n#top .av-special-heading.av-m4njlyd5-d7a41d615f03be3ba4f466f19077ceca{\npadding-bottom:10px;\ncolor:#b78d46;\nfont-size:54px;\n}\nbody .av-special-heading.av-m4njlyd5-d7a41d615f03be3ba4f466f19077ceca .av-special-heading-tag .heading-char{\nfont-size:25px;\n}\n#top #wrap_all .av-special-heading.av-m4njlyd5-d7a41d615f03be3ba4f466f19077ceca .av-special-heading-tag{\nfont-size:54px;\n}\n.av-special-heading.av-m4njlyd5-d7a41d615f03be3ba4f466f19077ceca .special-heading-inner-border{\nborder-color:#4f4f4f;\n}\n.av-special-heading.av-m4njlyd5-d7a41d615f03be3ba4f466f19077ceca .av-subheading{\nfont-size:20px;\ncolor:#c6c6c6;\n}\nbody .av-special-heading.av-m4njlyd5-d7a41d615f03be3ba4f466f19077ceca .av-special-heading-tag .heading-wrap:before{\nborder-color:#4f4f4f;\n}\nbody .av-special-heading.av-m4njlyd5-d7a41d615f03be3ba4f466f19077ceca .av-special-heading-tag .heading-wrap:after{\nborder-color:#4f4f4f;\n}\n\n@media only screen and (min-width: 480px) and (max-width: 767px){ \n#top #wrap_all .av-special-heading.av-m4njlyd5-d7a41d615f03be3ba4f466f19077ceca .av-special-heading-tag{\nfont-size:0.8em;\n}\n}\n\n@media only screen and (max-width: 479px){ \n#top #wrap_all .av-special-heading.av-m4njlyd5-d7a41d615f03be3ba4f466f19077ceca .av-special-heading-tag{\nfont-size:0.8em;\n}\n}\n<\/style>\n<div  class='av-special-heading av-m4njlyd5-d7a41d615f03be3ba4f466f19077ceca av-special-heading-h3 custom-color-heading blockquote modern-quote  avia-builder-el-3  avia-builder-el-no-sibling  av-inherit-size'><h3 class='av-special-heading-tag'  itemprop=\"headline\"  >Sala Secreta<\/h3><div class='av_custom_color av-subheading av-subheading_below'><p>Aqui, voc\u00ea descobrir\u00e1 os Segredos do Posicionamento Magn\u00e9tico que Levar\u00e1 Voc\u00ea a um 2025 Extraordin\u00e1rio!<\/p>\n<\/div><div class=\"special-heading-border\"><div class=\"special-heading-inner-border\"><\/div><\/div><\/div><\/div><div  class='flex_column av-9hnjk-256ea0eafeee37b9b9c8fc768ace9d5e av_one_half  avia-builder-el-4  el_after_av_one_half  avia-builder-el-last  flex_column_div'     ><\/div>\n\n<\/div><\/div><\/main><!-- close content main element --><\/div><\/div><\/div><div id='av_section_2'  class='avia-section av-7kh2pc-989931c0024dbf221d3ec22e342d1cbb main_color avia-section-default avia-no-border-styling  avia-builder-el-5  el_after_av_section  avia-builder-el-last  avia-bg-style-scroll container_wrap sidebar_right'  ><div class='container av-section-cont-open' ><div class='template-page content  av-content-small alpha units'><div class='post-entry post-entry-type-page post-entry-208'><div class='entry-content-wrapper clearfix'>\n<div  class='flex_column av-6wwto0-5902d45ba1439234d7f2b9e39bfe010f av_one_half  avia-builder-el-6  el_before_av_one_half  avia-builder-el-first  first flex_column_div'     ><p>\n<style type=\"text\/css\" data-created_by=\"avia_inline_auto\" id=\"style-css-av-m4njqpx4-ee92e5681f87bb6c211d0a7b26d629ea\">\n#top .av-special-heading.av-m4njqpx4-ee92e5681f87bb6c211d0a7b26d629ea{\npadding-bottom:10px;\ncolor:#b78d46;\nfont-size:54px;\n}\nbody .av-special-heading.av-m4njqpx4-ee92e5681f87bb6c211d0a7b26d629ea .av-special-heading-tag .heading-char{\nfont-size:25px;\n}\n#top #wrap_all .av-special-heading.av-m4njqpx4-ee92e5681f87bb6c211d0a7b26d629ea .av-special-heading-tag{\nfont-size:54px;\n}\n.av-special-heading.av-m4njqpx4-ee92e5681f87bb6c211d0a7b26d629ea .special-heading-inner-border{\nborder-color:#4f4f4f;\n}\n.av-special-heading.av-m4njqpx4-ee92e5681f87bb6c211d0a7b26d629ea .av-subheading{\nfont-size:20px;\n}\nbody .av-special-heading.av-m4njqpx4-ee92e5681f87bb6c211d0a7b26d629ea .av-special-heading-tag .heading-wrap:before{\nborder-color:#4f4f4f;\n}\nbody .av-special-heading.av-m4njqpx4-ee92e5681f87bb6c211d0a7b26d629ea .av-special-heading-tag .heading-wrap:after{\nborder-color:#4f4f4f;\n}\n\n@media only screen and (min-width: 480px) and (max-width: 767px){ \n#top #wrap_all .av-special-heading.av-m4njqpx4-ee92e5681f87bb6c211d0a7b26d629ea .av-special-heading-tag{\nfont-size:0.8em;\n}\n}\n\n@media only screen and (max-width: 479px){ \n#top #wrap_all .av-special-heading.av-m4njqpx4-ee92e5681f87bb6c211d0a7b26d629ea .av-special-heading-tag{\nfont-size:0.8em;\n}\n}\n<\/style>\n<div  class='av-special-heading av-m4njqpx4-ee92e5681f87bb6c211d0a7b26d629ea av-special-heading-h3 custom-color-heading blockquote modern-quote  avia-builder-el-7  el_before_av_hr  avia-builder-el-first  av-inherit-size'><h3 class='av-special-heading-tag'  itemprop=\"headline\"  >Esse \u00e9 o meu presente para voc\u00ea<\/h3><div class=\"special-heading-border\"><div class=\"special-heading-inner-border\"><\/div><\/div><\/div><br \/>\n\n<style type=\"text\/css\" data-created_by=\"avia_inline_auto\" id=\"style-css-av-m4nkn6jw-9e3a4ffa55dec8a03be86161a7fd7c31\">\n#top .hr.hr-invisible.av-m4nkn6jw-9e3a4ffa55dec8a03be86161a7fd7c31{\nheight:30px;\n}\n<\/style>\n<div  class='hr av-m4nkn6jw-9e3a4ffa55dec8a03be86161a7fd7c31 hr-invisible  avia-builder-el-8  el_after_av_heading  el_before_av_image'><span class='hr-inner'><span class=\"hr-inner-style\"><\/span><\/span><\/div><br \/>\n\n<style type=\"text\/css\" data-created_by=\"avia_inline_auto\" id=\"style-css-av-m4nkeegl-3ea98c7bfa59f2ec0b3c4550d93f7259\">\n.avia-image-container.av-m4nkeegl-3ea98c7bfa59f2ec0b3c4550d93f7259 img.avia_image{\nbox-shadow:none;\n}\n.avia-image-container.av-m4nkeegl-3ea98c7bfa59f2ec0b3c4550d93f7259 .av-image-caption-overlay-center{\ncolor:#ffffff;\n}\n<\/style>\n<div  class='avia-image-container av-m4nkeegl-3ea98c7bfa59f2ec0b3c4550d93f7259 av-styling- avia-align-center  avia-builder-el-9  el_after_av_hr  el_before_av_hr'   itemprop=\"image\" itemscope=\"itemscope\" itemtype=\"https:\/\/schema.org\/ImageObject\" ><div class=\"avia-image-container-inner\"><div class=\"avia-image-overlay-wrap\"><img decoding=\"async\" fetchpriority=\"high\" class='wp-image-226 avia-img-lazy-loading-not-226 avia_image' src=\"https:\/\/edsonaraujo.com.br\/wp-content\/uploads\/2024\/12\/edson-790x790-1.jpg\" alt='' title='edson 790x790'  height=\"790\" width=\"790\"  itemprop=\"thumbnailUrl\" srcset=\"https:\/\/edsonaraujo.com.br\/wp-content\/uploads\/2024\/12\/edson-790x790-1.jpg 790w, https:\/\/edsonaraujo.com.br\/wp-content\/uploads\/2024\/12\/edson-790x790-1-300x300.jpg 300w, https:\/\/edsonaraujo.com.br\/wp-content\/uploads\/2024\/12\/edson-790x790-1-80x80.jpg 80w, https:\/\/edsonaraujo.com.br\/wp-content\/uploads\/2024\/12\/edson-790x790-1-768x768.jpg 768w, https:\/\/edsonaraujo.com.br\/wp-content\/uploads\/2024\/12\/edson-790x790-1-36x36.jpg 36w, https:\/\/edsonaraujo.com.br\/wp-content\/uploads\/2024\/12\/edson-790x790-1-180x180.jpg 180w, https:\/\/edsonaraujo.com.br\/wp-content\/uploads\/2024\/12\/edson-790x790-1-705x705.jpg 705w\" sizes=\"(max-width: 790px) 100vw, 790px\" \/><\/div><\/div><\/div><br \/>\n\n<style type=\"text\/css\" data-created_by=\"avia_inline_auto\" id=\"style-css-av-br9tc-59313059131d71c28d296367f863a7e3\">\n#top .hr.hr-invisible.av-br9tc-59313059131d71c28d296367f863a7e3{\nheight:30px;\n}\n<\/style>\n<div  class='hr av-br9tc-59313059131d71c28d296367f863a7e3 hr-invisible  avia-builder-el-10  el_after_av_image  el_before_av_textblock'><span class='hr-inner'><span class=\"hr-inner-style\"><\/span><\/span><\/div><br \/>\n\n<style type=\"text\/css\" data-created_by=\"avia_inline_auto\" id=\"style-css-av-6qed2w-d5a92df3cdd5828eb8be9659ee6a7ea5\">\n#top .av_textblock_section.av-6qed2w-d5a92df3cdd5828eb8be9659ee6a7ea5 .avia_textblock{\nfont-size:15px;\n}\n<\/style>\n<section  class='av_textblock_section av-6qed2w-d5a92df3cdd5828eb8be9659ee6a7ea5'   itemscope=\"itemscope\" itemtype=\"https:\/\/schema.org\/CreativeWork\" ><div class='avia_textblock'  itemprop=\"text\" ><p><strong>2024 foi um ano dif\u00edcil para voc\u00ea?<\/strong><\/p>\n<p>Voc\u00ea se sente como uma caravela perdida em um oceano de oportunidades?<\/p>\n<p>Essa \u00e9 a realidade de milhares de pessoas que n\u00e3o conseguem se posicionar na sua identidade, e por isso, perdem oportunidades,\u00a0deixam de governar sobre sua pr\u00f3pria vida e ficam patinando ao contar com a sorte.<\/p>\n<p><strong>E voc\u00ea?! Vai esperar o ano virar para se posicionar?<\/strong><\/p>\n<p>Esse \u00e9 o momento de resgatar o poder da sua identidade, e fazer de 2025 o melhor ano da sua hist\u00f3ria.<\/p>\n<p>Participe da minha <strong>SALA SECRETA<\/strong> e descubra como se posicionar de forma magn\u00e9tica para atrair as pessoas e as oportunidades que ir\u00e3o transformar seu 2025 no seu ano extraordin\u00e1rio.<\/p>\n<p>Preencha os seus dados no formul\u00e1rio, e eu enviarei o convite para a minha <strong>SALA SECRETA ONLINE<\/strong> e <strong>EXCLUSIVA<\/strong>.<\/p>\n<\/div><\/section><\/p><\/div><div  class='flex_column av-6jm1k0-3e6d61d44ef660a2212fa8be32cb68c4 av_one_half  avia-builder-el-12  el_after_av_one_half  el_before_av_hr  flex_column_div'     ><p>\n<style type=\"text\/css\" data-created_by=\"avia_inline_auto\" id=\"style-css-av-2b77bk-68d90379063a9213eeaf747e140cb614\">\n#top .avia-icon-list-container.av-2b77bk-68d90379063a9213eeaf747e140cb614 .iconlist_icon{\ncolor:#b78d46;\nfont-size:15px;\n}\n#top #wrap_all .avia-icon-list-container.av-2b77bk-68d90379063a9213eeaf747e140cb614 .av_iconlist_title{\nfont-size:15px;\ncolor:#b78d46;\n}\n.avia-icon-list-container.av-2b77bk-68d90379063a9213eeaf747e140cb614 .iconlist_content{\nfont-size:17px;\n}\n<\/style>\n<div  class='avia-icon-list-container av-2b77bk-68d90379063a9213eeaf747e140cb614  avia-builder-el-13  el_before_av_contact  avia-builder-el-first'><ul class='avia-icon-list avia_animate_when_almost_visible avia-icon-list-left av-iconlist-small av-2b77bk-68d90379063a9213eeaf747e140cb614 avia-iconlist-animate'>\n<li><div class='iconlist_icon av-23qbjc-22c9594ee3d208e8266f3767b35f5622 avia-font-entypo-fontello'><span class='iconlist-char' aria-hidden='true' data-av_icon='\ue85b' data-av_iconfont='entypo-fontello'><\/span><\/div><article class=\"article-icon-entry\"  itemscope=\"itemscope\" itemtype=\"https:\/\/schema.org\/CreativeWork\" ><div class=\"iconlist_content_wrap\"><header class=\"entry-content-header\"><div class='av_iconlist_title iconlist_title_small  av_inherit_color'  itemprop=\"headline\" >Data<\/div><\/header><div class='iconlist_content'  itemprop=\"text\" ><p><strong>21 de Janeiro 2025<\/strong><\/p>\n<\/div><\/div><footer class=\"entry-footer\"><\/footer><\/article><div class=\"iconlist-timeline\"><\/div><\/li>\n<li><div class='iconlist_icon av-1x74ps-007f8a09247a6208989e0cea2aa7ba18 avia-font-entypo-fontello'><span class='iconlist-char' aria-hidden='true' data-av_icon='\ue8aa' data-av_iconfont='entypo-fontello'><\/span><\/div><article class=\"article-icon-entry\"  itemscope=\"itemscope\" itemtype=\"https:\/\/schema.org\/CreativeWork\" ><div class=\"iconlist_content_wrap\"><header class=\"entry-content-header\"><div class='av_iconlist_title iconlist_title_small  av_inherit_color'  itemprop=\"headline\" >Hor\u00e1rio<\/div><\/header><div class='iconlist_content'  itemprop=\"text\" ><p>8PM EUA<\/p>\n<\/div><\/div><footer class=\"entry-footer\"><\/footer><\/article><div class=\"iconlist-timeline\"><\/div><\/li>\n<li><div class='iconlist_icon av-1r3xig-190b26e46e86f97c033ea968b20f014b avia-font-entypo-fontello'><span class='iconlist-char' aria-hidden='true' data-av_icon='\ue845' data-av_iconfont='entypo-fontello'><\/span><\/div><article class=\"article-icon-entry\"  itemscope=\"itemscope\" itemtype=\"https:\/\/schema.org\/CreativeWork\" ><div class=\"iconlist_content_wrap\"><header class=\"entry-content-header\"><div class='av_iconlist_title iconlist_title_small  av_inherit_color'  itemprop=\"headline\" >O que vou entregar<\/div><\/header><div class='iconlist_content'  itemprop=\"text\" ><ul>\n<li>Como Usar a Sua Identidade com Clareza para Posicionar Voc\u00ea e a Sua Empresa<\/li>\n<li>Os 12 Arquetipos e Suas Ilhas de Interesse<\/li>\n<li>O Posicionamento Magn\u00e9tico que Constr\u00f3i Riquezas<\/li>\n<\/ul>\n<\/div><\/div><footer class=\"entry-footer\"><\/footer><\/article><div class=\"iconlist-timeline\"><\/div><\/li>\n<\/ul><\/div><br \/>\n<form action=\"https:\/\/edsonaraujo.com.br\/en\/sala-secreta\/\" method=\"post\" data-fields-with-error=\"Found errors in the following field(s):\" class=\"avia_ajax_form av-form-labels-hidden   avia-builder-el-14  el_after_av_iconlist  avia-builder-el-last  av-custom-form-color av-dark-form\" data-avia-form-id=\"1\" data-avia-redirect=''  id=\"Sala-Secreta\" data-trp-original-action=\"https:\/\/edsonaraujo.com.br\/en\/sala-secreta\/\" ><h3 class=''>Formul\u00e1rio de Interesse para a Sala Secreta<\/h3><fieldset><p class='first_form  form_element form_fullwidth' id='element_avia_1_1'><label for=\"avia_1_1\">Your Name <abbr class=\"required\" title=\"required\">*<\/abbr><\/label> <input name=\"avia_1_1\" class=\"text_input is_empty\" type=\"text\" id=\"avia_1_1\" value=\"\"  placeholder='Your Name*'\/><\/p><p class='first_form  form_element form_fullwidth' id='element_avia_2_1'><label for=\"avia_2_1\">Your E-Mail <abbr class=\"required\" title=\"required\">*<\/abbr><\/label> <input name=\"avia_2_1\" class=\"text_input is_email\" type=\"text\" id=\"avia_2_1\" value=\"\"  placeholder='Your E-Mail*'\/><\/p><p class='first_form  form_element form_fullwidth' id='element_avia_3_1'><label for=\"avia_3_1\">Seu WhatsApp <abbr class=\"required\" title=\"required\">*<\/abbr><\/label> <input name=\"avia_3_1\" class=\"text_input is_phone\" type=\"text\" id=\"avia_3_1\" value=\"\"  placeholder='Seu WhatsApp*'\/><\/p><p class='first_form  form_element form_fullwidth' id='element_avia_4_1'><input checked=\"checked\" name=\"avia_4_1\" class=\"input_checkbox\" type=\"checkbox\" id=\"avia_4_1\" value=\"true\"\/><label class=\"input_checkbox_label\" for=\"avia_4_1\">Quero receber o link para participar da Sala Secreta Gratuita<\/label><\/p><p class=\"hidden\"><input type=\"text\" name=\"avia_5_1\" class=\"hidden\" id=\"avia_5_1\" value=\"\" \/><\/p><p class='form_element form_fullwidth' id='element_avia_6_1'><span class='value_verifier_label'>7 + 1 = ?<\/span><input name=\"avia_6_1_verifier\" type=\"hidden\" id=\"avia_6_1_verifier\" value=\"217721587\"\/><label for=\"avia_6_1\">Please prove that you are human by solving the equation <abbr class=\"required\" title=\"required\">*<\/abbr><\/label><input name=\"avia_6_1\" class=\"text_input captcha\" type=\"text\" id=\"avia_6_1\" value=\"\"\/><\/p><p class=\"form_element\"><input type=\"hidden\" value=\"1\" name=\"avia_generated_form1\" \/><input type=\"submit\" value=\"CONFIRMAR MINHA INSCRI\u00c7\u00c3O\" class=\"button\"  data-sending-label=\"Sending\"\/><\/p><\/fieldset><input type=\"hidden\" name=\"trp-form-language\" value=\"en\"\/><\/form><div id=\"ajaxresponse_1\" class=\"ajaxresponse ajaxresponse_1 hidden\"><\/div><\/p><\/div>\n<style type=\"text\/css\" data-created_by=\"avia_inline_auto\" id=\"style-css-av-58emjk-cc8dba7a57ac8c12d238190fa22a0c07\">\n#top .hr.hr-invisible.av-58emjk-cc8dba7a57ac8c12d238190fa22a0c07{\nheight:40px;\n}\n<\/style>\n<div  class='hr av-58emjk-cc8dba7a57ac8c12d238190fa22a0c07 hr-invisible  avia-builder-el-15  el_after_av_one_half  avia-builder-el-last'><span class='hr-inner'><span class=\"hr-inner-style\"><\/span><\/span><\/div>\n<\/div><\/div><\/div><!-- close content main div --><\/div><\/div><div id='after_section_2'  class='main_color av_default_container_wrap container_wrap sidebar_right'  ><div class='container av-section-cont-open' ><div class='template-page content  av-content-small alpha units'><div class='post-entry post-entry-type-page post-entry-208'><div class='entry-content-wrapper clearfix'>","protected":false},"excerpt":{"rendered":"","protected":false},"author":1,"featured_media":210,"parent":0,"menu_order":0,"comment_status":"closed","ping_status":"closed","template":"","meta":{"footnotes":""},"class_list":["post-208","page","type-page","status-publish","has-post-thumbnail","hentry"],"_links":{"self":[{"href":"https:\/\/edsonaraujo.com.br\/en\/wp-json\/wp\/v2\/pages\/208","targetHints":{"allow":["GET"]}}],"collection":[{"href":"https:\/\/edsonaraujo.com.br\/en\/wp-json\/wp\/v2\/pages"}],"about":[{"href":"https:\/\/edsonaraujo.com.br\/en\/wp-json\/wp\/v2\/types\/page"}],"author":[{"embeddable":true,"href":"https:\/\/edsonaraujo.com.br\/en\/wp-json\/wp\/v2\/users\/1"}],"replies":[{"embeddable":true,"href":"https:\/\/edsonaraujo.com.br\/en\/wp-json\/wp\/v2\/comments?post=208"}],"version-history":[{"count":24,"href":"https:\/\/edsonaraujo.com.br\/en\/wp-json\/wp\/v2\/pages\/208\/revisions"}],"predecessor-version":[{"id":270,"href":"https:\/\/edsonaraujo.com.br\/en\/wp-json\/wp\/v2\/pages\/208\/revisions\/270"}],"wp:featuredmedia":[{"embeddable":true,"href":"https:\/\/edsonaraujo.com.br\/en\/wp-json\/wp\/v2\/media\/210"}],"wp:attachment":[{"href":"https:\/\/edsonaraujo.com.br\/en\/wp-json\/wp\/v2\/media?parent=208"}],"curies":[{"name":"wp","href":"https:\/\/api.w.org\/{rel}","templated":true}]}}