{"id":198,"date":"2024-11-04T17:16:58","date_gmt":"2024-11-04T20:16:58","guid":{"rendered":"https:\/\/edsonaraujo.com.br\/?page_id=198"},"modified":"2024-11-04T17:16:58","modified_gmt":"2024-11-04T20:16:58","slug":"interesse-spb","status":"publish","type":"page","link":"https:\/\/edsonaraujo.com.br\/en\/interesse-spb\/","title":{"rendered":"Interesse SPB"},"content":{"rendered":"<div id='av_section_1'  class='avia-section av-av_section-e8e2da89610e93e1e93f66933917ef78 main_color avia-section-default avia-no-border-styling  avia-builder-el-0  avia-builder-el-no-sibling  avia-bg-style-scroll container_wrap sidebar_right'  ><div class='container av-section-cont-open' ><main  role=\"main\" itemprop=\"mainContentOfPage\"  class='template-page content  av-content-small alpha units'><div class='post-entry post-entry-type-page post-entry-198'><div class='entry-content-wrapper clearfix'>\n\n<style type=\"text\/css\" data-created_by=\"avia_inline_auto\" id=\"style-css-av-av_hr-65bd92347fddc685eba247be6d5a9a45\">\n#top .hr.hr-invisible.av-av_hr-65bd92347fddc685eba247be6d5a9a45{\nheight:40px;\n}\n<\/style>\n<div  class='hr av-av_hr-65bd92347fddc685eba247be6d5a9a45 hr-invisible  avia-builder-el-1  el_before_av_one_fifth  avia-builder-el-first'><span class='hr-inner'><span class=\"hr-inner-style\"><\/span><\/span><\/div>\n<div  class='flex_column av-av_one_fifth-07d62527a5d3b7ab0897d1f05d00415a av_one_fifth  avia-builder-el-2  el_after_av_hr  el_before_av_three_fifth  first flex_column_div'     ><\/div><div  class='flex_column av-av_three_fifth-719a90a130b12e5ba514fbb762c2aa36 av_three_fifth  avia-builder-el-3  el_after_av_one_fifth  el_before_av_one_fifth  flex_column_div'     ><p>\n<style type=\"text\/css\" data-created_by=\"avia_inline_auto\" id=\"style-css-av-m33ghklg-b00eec0396b25d0a6aa711797b23a32f\">\n#top .av-special-heading.av-m33ghklg-b00eec0396b25d0a6aa711797b23a32f{\npadding-bottom:10px;\ncolor:#4f4f4f;\nfont-size:40px;\n}\nbody .av-special-heading.av-m33ghklg-b00eec0396b25d0a6aa711797b23a32f .av-special-heading-tag .heading-char{\nfont-size:25px;\n}\n#top #wrap_all .av-special-heading.av-m33ghklg-b00eec0396b25d0a6aa711797b23a32f .av-special-heading-tag{\nfont-size:40px;\n}\n.av-special-heading.av-m33ghklg-b00eec0396b25d0a6aa711797b23a32f .special-heading-inner-border{\nborder-color:#4f4f4f;\n}\n.av-special-heading.av-m33ghklg-b00eec0396b25d0a6aa711797b23a32f .av-subheading{\nfont-size:20px;\n}\nbody .av-special-heading.av-m33ghklg-b00eec0396b25d0a6aa711797b23a32f .av-special-heading-tag .heading-wrap:before{\nborder-color:#4f4f4f;\n}\nbody .av-special-heading.av-m33ghklg-b00eec0396b25d0a6aa711797b23a32f .av-special-heading-tag .heading-wrap:after{\nborder-color:#4f4f4f;\n}\n\n@media only screen and (min-width: 480px) and (max-width: 767px){ \n#top #wrap_all .av-special-heading.av-m33ghklg-b00eec0396b25d0a6aa711797b23a32f .av-special-heading-tag{\nfont-size:0.8em;\n}\n}\n\n@media only screen and (max-width: 479px){ \n#top #wrap_all .av-special-heading.av-m33ghklg-b00eec0396b25d0a6aa711797b23a32f .av-special-heading-tag{\nfont-size:0.8em;\n}\n}\n<\/style>\n<div  class='av-special-heading av-m33ghklg-b00eec0396b25d0a6aa711797b23a32f av-special-heading-h3 custom-color-heading blockquote modern-quote  avia-builder-el-4  el_before_av_hr  avia-builder-el-first  av-inherit-size'><h3 class='av-special-heading-tag'  itemprop=\"headline\"  >Ficha de Interesse \/ M\u00e9todo SPB<\/h3><div class=\"special-heading-border\"><div class=\"special-heading-inner-border\"><\/div><\/div><\/div><br \/>\n\n<style type=\"text\/css\" data-created_by=\"avia_inline_auto\" id=\"style-css-av-av_hr-3cdc9664f29087702913853352eac422\">\n#top .hr.hr-invisible.av-av_hr-3cdc9664f29087702913853352eac422{\nheight:10px;\n}\n<\/style>\n<div  class='hr av-av_hr-3cdc9664f29087702913853352eac422 hr-invisible  avia-builder-el-5  el_after_av_heading  el_before_av_textblock'><span class='hr-inner'><span class=\"hr-inner-style\"><\/span><\/span><\/div><br \/>\n\n<style type=\"text\/css\" data-created_by=\"avia_inline_auto\" id=\"style-css-av-m33goe65-3ca8fc8f9626b34e48811d8c758c2ac6\">\n#top .av_textblock_section.av-m33goe65-3ca8fc8f9626b34e48811d8c758c2ac6 .avia_textblock{\nfont-size:15px;\n}\n<\/style>\n<section  class='av_textblock_section av-m33goe65-3ca8fc8f9626b34e48811d8c758c2ac6'   itemscope=\"itemscope\" itemtype=\"https:\/\/schema.org\/CreativeWork\" ><div class='avia_textblock'  itemprop=\"text\" ><p><strong>Quer descobrir como posicionar sua marca e torn\u00e1-la magn\u00e9tica?<\/strong><\/p>\n<p>Navegar no oceano do mercado atual n\u00e3o pode ser uma aventura, voc\u00ea precisa do Mapa do Posicionamento que te d\u00ea clareza, permitindo uma rota segura e uma comunica\u00e7\u00e3o sem ru\u00eddos.<\/p>\n<p>Preencha a Ficha de Interesse para o M\u00e9todo SPB &#8211; Seu Posicionamento no Branding. Em breve divulgaremos mais informa\u00e7\u00f5es sobre turmas abertas e datas.<\/p>\n<\/div><\/section><br \/>\n<form action=\"https:\/\/edsonaraujo.com.br\/en\/interesse-spb\/\" method=\"post\" data-fields-with-error=\"Found errors in the following field(s):\" class=\"avia_ajax_form av-form-labels-hidden   avia-builder-el-7  el_after_av_textblock  el_before_av_iconlist  av-custom-form-color av-dark-form\" data-avia-form-id=\"1\" data-avia-redirect='' data-trp-original-action=\"https:\/\/edsonaraujo.com.br\/en\/interesse-spb\/\" ><fieldset><p class='first_form  form_element form_fullwidth' id='element_avia_1_1'><label for=\"avia_1_1\">Your Name <abbr class=\"required\" title=\"required\">*<\/abbr><\/label> <input name=\"avia_1_1\" class=\"text_input is_empty\" type=\"text\" id=\"avia_1_1\" value=\"\"  placeholder='Your Name*'\/><\/p><p class='first_form  form_element form_fullwidth' id='element_avia_2_1'><label for=\"avia_2_1\">Your E-Mail <abbr class=\"required\" title=\"required\">*<\/abbr><\/label> <input name=\"avia_2_1\" class=\"text_input is_email\" type=\"text\" id=\"avia_2_1\" value=\"\"  placeholder='Your E-Mail*'\/><\/p><p class='first_form  form_element form_fullwidth' id='element_avia_3_1'><label for=\"avia_3_1\">Your phone number <abbr class=\"required\" title=\"required\">*<\/abbr><\/label> <input name=\"avia_3_1\" class=\"text_input is_phone\" type=\"text\" id=\"avia_3_1\" value=\"\"  placeholder='Your Phone*'\/><\/p><p class='first_form  form_element form_fullwidth' id='element_avia_4_1'><label for=\"avia_4_1\" class=\"textare_label hidden textare_label_avia_4_1\">What kind of help do you need with your positioning? <abbr class=\"required\" title=\"required\">*<\/abbr><\/label><textarea  placeholder='What kind of help do you need with your positioning?*' name=\"avia_4_1\" class=\"text_area is_empty\" cols=\"40\" rows=\"7\" id=\"avia_4_1\" ><\/textarea><\/p><p class=\"hidden\"><input type=\"text\" name=\"avia_5_1\" class=\"hidden\" id=\"avia_5_1\" value=\"\" \/><\/p><p class='form_element form_fullwidth' id='element_avia_6_1'><span class='value_verifier_label'>1 + 0 = ?<\/span><input name=\"avia_6_1_verifier\" type=\"hidden\" id=\"avia_6_1_verifier\" value=\"764438126\"\/><label for=\"avia_6_1\">Please prove that you are human by solving the equation <abbr class=\"required\" title=\"required\">*<\/abbr><\/label><input name=\"avia_6_1\" class=\"text_input captcha\" type=\"text\" id=\"avia_6_1\" value=\"\"\/><\/p><p class=\"form_element\"><input type=\"hidden\" value=\"1\" name=\"avia_generated_form1\" \/><input type=\"submit\" value=\"I want the SPB Method\" class=\"button\"  data-sending-label=\"Sending\"\/><\/p><\/fieldset><input type=\"hidden\" name=\"trp-form-language\" value=\"en\"\/><\/form><div id=\"ajaxresponse_1\" class=\"ajaxresponse ajaxresponse_1 hidden\"><\/div><br \/>\n\n<style type=\"text\/css\" data-created_by=\"avia_inline_auto\" id=\"style-css-av-av_iconlist-3d60c0a58fe6e1b5378fa896c7314867\">\n#top .avia-icon-list-container.av-av_iconlist-3d60c0a58fe6e1b5378fa896c7314867 .iconlist_icon{\ncolor:#b78d46;\nfont-size:15px;\n}\n#top #wrap_all .avia-icon-list-container.av-av_iconlist-3d60c0a58fe6e1b5378fa896c7314867 .av_iconlist_title{\nfont-size:15px;\ncolor:#b78d46;\n}\n.avia-icon-list-container.av-av_iconlist-3d60c0a58fe6e1b5378fa896c7314867 .iconlist_content{\nfont-size:17px;\n}\n<\/style>\n<div  class='avia-icon-list-container av-av_iconlist-3d60c0a58fe6e1b5378fa896c7314867  avia-builder-el-8  el_after_av_contact  avia-builder-el-last'><ul class='avia-icon-list avia_animate_when_almost_visible avia-icon-list-left av-iconlist-small av-av_iconlist-3d60c0a58fe6e1b5378fa896c7314867 avia-iconlist-animate'>\n<li><div class='iconlist_icon av-av_iconlist_item-b628914bf6e01e23bed08389af1fe314 avia-font-entypo-fontello'><span class='iconlist-char' aria-hidden='true' data-av_icon='\uf232' data-av_iconfont='entypo-fontello'><\/span><\/div><article class=\"article-icon-entry\"  itemscope=\"itemscope\" itemtype=\"https:\/\/schema.org\/CreativeWork\" ><div class=\"iconlist_content_wrap\"><header class=\"entry-content-header\"><div class='av_iconlist_title iconlist_title_small  av_inherit_color'  itemprop=\"headline\" >Contact me by WhatsApp<\/div><\/header><div class='iconlist_content'  itemprop=\"text\" ><p>+ (407) 308-4965<\/p>\n<\/div><\/div><footer class=\"entry-footer\"><\/footer><\/article><div class=\"iconlist-timeline\"><\/div><\/li>\n<li><div class='iconlist_icon av-av_iconlist_item-37f671f4b895f140fbb87f1905287dac avia-font-entypo-fontello'><span class='iconlist-char' aria-hidden='true' data-av_icon='\uf16d' data-av_iconfont='entypo-fontello'><\/span><\/div><article class=\"article-icon-entry\"  itemscope=\"itemscope\" itemtype=\"https:\/\/schema.org\/CreativeWork\" ><div class=\"iconlist_content_wrap\"><header class=\"entry-content-header\"><div class='av_iconlist_title iconlist_title_small  av_inherit_color'  itemprop=\"headline\" >Follow me on Instagram<\/div><\/header><div class='iconlist_content'  itemprop=\"text\" ><p>@edsonaraujo<\/p>\n<\/div><\/div><footer class=\"entry-footer\"><\/footer><\/article><div class=\"iconlist-timeline\"><\/div><\/li>\n<\/ul><\/div><\/p><\/div><div  class='flex_column av-av_one_fifth-719a90a130b12e5ba514fbb762c2aa36 av_one_fifth  avia-builder-el-9  el_after_av_three_fifth  el_before_av_hr  flex_column_div'     ><\/div>\n<style type=\"text\/css\" data-created_by=\"avia_inline_auto\" id=\"style-css-av-av_hr-65bd92347fddc685eba247be6d5a9a45\">\n#top .hr.hr-invisible.av-av_hr-65bd92347fddc685eba247be6d5a9a45{\nheight:40px;\n}\n<\/style>\n<div  class='hr av-av_hr-65bd92347fddc685eba247be6d5a9a45 hr-invisible  avia-builder-el-10  el_after_av_one_fifth  avia-builder-el-last'><span class='hr-inner'><span class=\"hr-inner-style\"><\/span><\/span><\/div>\n<\/div><\/div><\/main><!-- close content main element --><\/div><\/div><div id='after_section_1'  class='main_color av_default_container_wrap container_wrap sidebar_right'  ><div class='container av-section-cont-open' ><div class='template-page content  av-content-small alpha units'><div class='post-entry post-entry-type-page post-entry-198'><div class='entry-content-wrapper clearfix'>","protected":false},"excerpt":{"rendered":"","protected":false},"author":1,"featured_media":0,"parent":0,"menu_order":0,"comment_status":"closed","ping_status":"closed","template":"","meta":{"footnotes":""},"class_list":["post-198","page","type-page","status-publish","hentry"],"_links":{"self":[{"href":"https:\/\/edsonaraujo.com.br\/en\/wp-json\/wp\/v2\/pages\/198","targetHints":{"allow":["GET"]}}],"collection":[{"href":"https:\/\/edsonaraujo.com.br\/en\/wp-json\/wp\/v2\/pages"}],"about":[{"href":"https:\/\/edsonaraujo.com.br\/en\/wp-json\/wp\/v2\/types\/page"}],"author":[{"embeddable":true,"href":"https:\/\/edsonaraujo.com.br\/en\/wp-json\/wp\/v2\/users\/1"}],"replies":[{"embeddable":true,"href":"https:\/\/edsonaraujo.com.br\/en\/wp-json\/wp\/v2\/comments?post=198"}],"version-history":[{"count":2,"href":"https:\/\/edsonaraujo.com.br\/en\/wp-json\/wp\/v2\/pages\/198\/revisions"}],"predecessor-version":[{"id":200,"href":"https:\/\/edsonaraujo.com.br\/en\/wp-json\/wp\/v2\/pages\/198\/revisions\/200"}],"wp:attachment":[{"href":"https:\/\/edsonaraujo.com.br\/en\/wp-json\/wp\/v2\/media?parent=198"}],"curies":[{"name":"wp","href":"https:\/\/api.w.org\/{rel}","templated":true}]}}